{"id":20975,"date":"2022-08-15T12:00:54","date_gmt":"2022-08-15T11:00:54","guid":{"rendered":"https:\/\/app20620.cloudwayssites.com\/enzymes-zym-series-kopie\/"},"modified":"2024-11-26T18:09:27","modified_gmt":"2024-11-26T17:09:27","slug":"quality-products-drreinwald","status":"publish","type":"page","link":"https:\/\/app20620.cloudwayssites.com\/en\/quality-products-drreinwald\/","title":{"rendered":"Quality | Our claim"},"content":{"rendered":"<div id=\"block_61d71bbb4fb75\" class=\"block block-two-column-grid  block-with-margin-bottom reverse_columns_on_mobile clearfix\" style='background-color:;'>\n  <div class=\"block-anchor\" id=\"\"><\/div>\n\n  <div class=\"block-two-column-grid-inner \">\n\n    <div class=\"box box-1 collapse-child-margins \" style='background-color:#e6e7e8; background-image:url(); background-size:cover;'>\n      <div class=\"box-content collapse-child-margins\">\n        <h1>dr.reinwald Vitalprodukte<\/h1>\n<p><strong>Gesund und vital mit der Kraft der Natur<\/strong><\/p>\n<p>Unser Vitalprodukte haben ein gro\u00dfes Vorbild: Mutter Natur. Die Kombination aus altem und neuem naturmedizinischem Wissen, langj\u00e4hriger ern\u00e4hrungsmedizinischer Expertise sowie gr\u00f6\u00dfter Sorgfalt und Liebe bilden die Basis f\u00fcr alle dr.reinwald Vitalprodukte.<br \/>\nDenn: Wir sind erst zufrieden, wenn Du mit unseren Produkten zufrieden bist \u2013 weil Du damit Erfolg hast!<\/p>\n      <\/div>\n    <\/div>\n\n    <div class=\"box box-2 collapse-child-margins  has-bg-image\" style='background-color:; background-image:url(https:\/\/app20620.cloudwayssites.com\/wp-content\/uploads\/2022\/08\/qualitaet-anspruch-header.jpg); background-size:cover;'>\n      <div class=\"box-content collapse-child-margins\">\n              <\/div>\n    <\/div>\n\n  <\/div>\n<\/div>\n<div class=\"wp-block-advgb-accordions advgb-accordion-wrapper\" data-collapsed=\"true\"><\/div>\n\n<p class=\"has-small-font-size\"> <\/p>\n<div id=\"block_62fa33e37e947\" class=\"block block-one-column  block-with-margin-bottom clearfix\">\n  <div class=\"block-anchor\" id=\"\"><\/div>\n  <div class=\"block-one-column-inner collapse-child-margins\">\n    <p><img loading=\"lazy\" decoding=\"async\" class=\"alignnone size-full wp-image-21023\" src=\"https:\/\/app20620.cloudwayssites.com\/wp-content\/uploads\/2022\/08\/illu-qualitaet1.png\" alt=\"\" width=\"106\" height=\"111\" \/><\/p>\n<h3>1. Kompromisslose Qualit\u00e4t:<br \/>\n100% gesunde Natur- und Qualit\u00e4tsstoffe<\/h3>\n<p>Alle dr.reinwald Vitalprodukte sind:<\/p>\n<ul>\n<li>frei von Gentechnik<\/li>\n<li>frei von Tierversuchen<\/li>\n<li>frei von bedenklichen Zusatzstoffen wie S\u00fc\u00dfungs- und Bindemitteln, Hilfs-, Zusatz-, Konservierungs-, F\u00fcll-, Trenn- und Farbstoffen, Geschmacksverst\u00e4rkern und Aromen<\/li>\n<li>frei von Einfachzuckern, Lactose, Purin, Milch, Ei und Soja<\/li>\n<li>frei von Carbonaten und anderen anorganischen Salzen<\/li>\n<li>frei von erd\u00f6lbasierten Stoffen<\/li>\n<\/ul>\n<p><\/br><br \/>\n<img loading=\"lazy\" decoding=\"async\" src=\"https:\/\/app20620.cloudwayssites.com\/wp-content\/uploads\/2022\/08\/illu-qualitaet2.png\" alt=\"\" width=\"106\" height=\"111\" class=\"alignnone size-full wp-image-21025\" \/><\/p>\n<h3>2. Einzigartige Rezepturen f\u00fcr MAXIMALE Wirkkraft<\/h3>\n<p>Alle dr.reinwald Vitalprodukte wurden als Komplex-Rezepturen konzipiert. Der Vorteil f\u00fcr Dich: Die Wirkkomplexe sind weitaus effizienter als Monosubstanzen. Denn die Komplexpr\u00e4parate liefern unserem Organismus gleich die wichtigen Synergisten und Co-Faktoren mit, die dieser ben\u00f6tigt, damit die angesteuerten Stoffwechselprozesse optimal unterst\u00fctzt werden k\u00f6nnen.<br \/>\n<br \/><\/br><br \/>\n<img loading=\"lazy\" decoding=\"async\" class=\"alignnone size-full wp-image-21023\" src=\"https:\/\/app20620.cloudwayssites.com\/wp-content\/uploads\/2022\/08\/illu-qualitaet3.png\" alt=\"\" width=\"106\" height=\"111\" \/><\/p>\n<h3>3. Ganzheitlicher Ansatz mit systemischer Anwendung<\/h3>\n<p>Eine Besonderheit unserer Vitalprodukte ist, dass diese nicht nur f\u00fcr einen gesundheitlichen Schwerpunkt entwickelt wurden. Dein K\u00f6rper darf sich vielmehr \u00fcber ganzheitliche und vielf\u00e4ltige Anwendungsm\u00f6glichkeiten freuen. Denn nicht ohne Grund h\u00e4ngen alle Regulationsprozesse in unserem K\u00f6rper gegenseitig voneinander ab und sind eng miteinander verkn\u00fcpft. So profitiert beispielsweise von einer optimalen N\u00e4hrstoffversorgung nicht nur unser Stoffwechsel, sondern Organe, Gewebe, Haut und Haar bis hin zum Immunsystem.<br \/>\n<br \/><\/br><br \/>\n<img loading=\"lazy\" decoding=\"async\" class=\"alignnone size-full wp-image-21023\" src=\"https:\/\/app20620.cloudwayssites.com\/wp-content\/uploads\/2022\/08\/illu-qualitaet4.png\" alt=\"\" width=\"106\" height=\"111\" \/><\/p>\n<h3>4. Made in Germany<\/h3>\n<p>Unsere Vitalprodukte werden \u2013 bis auf Ausnahme von PektiCLEAN\u00ae micro \u2013 ausschlie\u00dflich unter strengsten Auflagen in Deutschland produziert.<br \/>\n<br \/><\/br><br \/>\n<img loading=\"lazy\" decoding=\"async\" class=\"alignnone size-full wp-image-21023\" src=\"https:\/\/app20620.cloudwayssites.com\/wp-content\/uploads\/2022\/08\/illu-qualitaet5.png\" alt=\"\" width=\"106\" height=\"111\" \/><\/p>\n<h3>5. 100 % vegan<\/h3>\n<p>Die meisten unserer d.reinwald Vitalprodukte sind zu 100 % vegan. Du erkennst dies an dem entsprechenden Symbol auf der Verpackung. So hast Du auch als Veganer:in die M\u00f6glichkeit, Deine Ern\u00e4hrung ketogen zu gestalten und gleichzeitig optimal mit allen notwendigen N\u00e4hrstoffen versorgt zu sein.<\/p>\n  <\/div>\n<\/div><div id=\"block_62bc987cbff69\" class=\"block block-two-column-grid  block-with-margin-bottom reverse_columns_on_mobile clearfix\" style='background-color:#e5e5e5;'>\n  <div class=\"block-anchor\" id=\"\"><\/div>\n\n  <div class=\"block-two-column-grid-inner no-gap\">\n\n    <div class=\"box box-1 collapse-child-margins \" style='background-color:; background-image:url(); background-size:cover;'>\n      <div class=\"box-content collapse-child-margins\">\n        <h2><\/h2>\n<h2 class=\"h3\">\u00bbUnsere ersten Vitalprodukte sind entstanden, weil es seinerzeit f\u00fcr mein bew\u00e4hrtes ern\u00e4hrungsmedizinischen Stoffwechselprogramm dr. reinwald metabolic regulation\u00ae am Markt keine optimalen Nahrungserg\u00e4nzungsprodukte gab, die ich meinen Patienten und Patientinnen vorbehaltlos h\u00e4tte empfehlen k\u00f6nnen. Dies war letztlich der Beginn f\u00fcr die Entwicklung unserer eigenen Rezepturen, die meine hohen Anspr\u00fcche an Gesundheitsprodukte repr\u00e4sentieren. In der Praxis haben sie sich bew\u00e4hrt, sie funktionieren.\u00ab<\/h2>\n<p>Dr. Heinz Reinwald<\/p>\n<p>&nbsp;<\/p>\n      <\/div>\n    <\/div>\n\n    <div class=\"box box-2 collapse-child-margins  has-bg-image\" style='background-color:; background-image:url(https:\/\/app20620.cloudwayssites.com\/wp-content\/uploads\/2022\/08\/dr-heinz-reinwald.jpg); background-size:cover;'>\n      <div class=\"box-content collapse-child-margins\">\n              <\/div>\n    <\/div>\n\n  <\/div>\n<\/div>","protected":false},"excerpt":{"rendered":"","protected":false},"author":9,"featured_media":0,"parent":0,"menu_order":0,"comment_status":"closed","ping_status":"closed","template":"","meta":{"_acf_changed":false,"two_page_speed":{"current_score":{"desktop_score":95,"desktop_tti":"0.4\u00a0","mobile_score":98,"mobile_tti":"1.5\u00a0","date":"26.11.2024 03:27:53 pm","status":"completed"}},"footnotes":""},"folder":[],"class_list":["post-20975","page","type-page","status-publish","hentry"],"acf":[],"yoast_head":"<!-- This site is optimized with the Yoast SEO Premium plugin v26.2 (Yoast SEO v26.3) - https:\/\/yoast.com\/wordpress\/plugins\/seo\/ -->\n<title>Quality | Our claim | Vitalshop by dr.reinwald<\/title>\n<meta name=\"description\" content=\"Discover the high-quality vitality products from dr.reinwald, which all have a great role model: Mother Nature!\" \/>\n<meta name=\"robots\" content=\"index, follow, max-snippet:-1, max-image-preview:large, max-video-preview:-1\" \/>\n<link rel=\"canonical\" href=\"https:\/\/app20620.cloudwayssites.com\/en\/quality-products-drreinwald\/\" \/>\n<meta property=\"og:locale\" content=\"en_US\" \/>\n<meta property=\"og:type\" content=\"article\" \/>\n<meta property=\"og:title\" content=\"Quality | Our claim\" \/>\n<meta property=\"og:description\" content=\"Discover the high-quality vitality products from dr.reinwald, which all have a great role model: Mother Nature!\" \/>\n<meta property=\"og:url\" content=\"https:\/\/app20620.cloudwayssites.com\/en\/quality-products-drreinwald\/\" \/>\n<meta property=\"og:site_name\" content=\"Vitalshop by dr.reinwald\" \/>\n<meta property=\"article:publisher\" content=\"https:\/\/www.facebook.com\/drreinwald\" \/>\n<meta property=\"article:modified_time\" content=\"2024-11-26T17:09:27+00:00\" \/>\n<meta property=\"og:image\" content=\"https:\/\/app20620.cloudwayssites.com\/wp-content\/uploads\/2022\/03\/enzyme-facebook.jpg\" \/>\n\t<meta property=\"og:image:width\" content=\"1200\" \/>\n\t<meta property=\"og:image:height\" content=\"700\" \/>\n\t<meta property=\"og:image:type\" content=\"image\/jpeg\" \/>\n<meta name=\"twitter:card\" content=\"summary_large_image\" \/>\n<meta name=\"twitter:description\" content=\"Discover the high-quality vitality products from dr.reinwald, which all have a great role model: Mother Nature!\" \/>\n<meta name=\"twitter:image\" content=\"https:\/\/app20620.cloudwayssites.com\/wp-content\/uploads\/2022\/03\/enzyme-facebook.jpg\" \/>\n<script type=\"application\/ld+json\" class=\"yoast-schema-graph\">{\"@context\":\"https:\/\/schema.org\",\"@graph\":[{\"@type\":\"WebPage\",\"@id\":\"https:\/\/app20620.cloudwayssites.com\/en\/quality-products-drreinwald\/\",\"url\":\"https:\/\/app20620.cloudwayssites.com\/en\/quality-products-drreinwald\/\",\"name\":\"Quality | Our claim | Vitalshop by dr.reinwald\",\"isPartOf\":{\"@id\":\"https:\/\/app20620.cloudwayssites.com\/en\/#website\"},\"datePublished\":\"2022-08-15T11:00:54+00:00\",\"dateModified\":\"2024-11-26T17:09:27+00:00\",\"description\":\"Discover the high-quality vitality products from dr.reinwald, which all have a great role model: Mother Nature!\",\"breadcrumb\":{\"@id\":\"https:\/\/app20620.cloudwayssites.com\/en\/quality-products-drreinwald\/#breadcrumb\"},\"inLanguage\":\"en-US\",\"potentialAction\":[{\"@type\":\"ReadAction\",\"target\":[\"https:\/\/app20620.cloudwayssites.com\/en\/quality-products-drreinwald\/\"]}]},{\"@type\":\"BreadcrumbList\",\"@id\":\"https:\/\/app20620.cloudwayssites.com\/en\/quality-products-drreinwald\/#breadcrumb\",\"itemListElement\":[{\"@type\":\"ListItem\",\"position\":1,\"name\":\"Startseite\",\"item\":\"https:\/\/app20620.cloudwayssites.com\/en\/\"},{\"@type\":\"ListItem\",\"position\":2,\"name\":\"Quality | Our claim\"}]},{\"@type\":\"WebSite\",\"@id\":\"https:\/\/app20620.cloudwayssites.com\/en\/#website\",\"url\":\"https:\/\/app20620.cloudwayssites.com\/en\/\",\"name\":\"Vitalshop by dr.reinwald\",\"description\":\"for balanced health\",\"publisher\":{\"@id\":\"https:\/\/app20620.cloudwayssites.com\/en\/#organization\"},\"potentialAction\":[{\"@type\":\"SearchAction\",\"target\":{\"@type\":\"EntryPoint\",\"urlTemplate\":\"https:\/\/app20620.cloudwayssites.com\/en\/?s={search_term_string}\"},\"query-input\":{\"@type\":\"PropertyValueSpecification\",\"valueRequired\":true,\"valueName\":\"search_term_string\"}}],\"inLanguage\":\"en-US\"},{\"@type\":\"Organization\",\"@id\":\"https:\/\/app20620.cloudwayssites.com\/en\/#organization\",\"name\":\"dr.reinwald vital\",\"url\":\"https:\/\/app20620.cloudwayssites.com\/en\/\",\"logo\":{\"@type\":\"ImageObject\",\"inLanguage\":\"en-US\",\"@id\":\"https:\/\/app20620.cloudwayssites.com\/en\/#\/schema\/logo\/image\/\",\"url\":\"https:\/\/app20620.cloudwayssites.com\/wp-content\/uploads\/2020\/05\/vitalshop-logo-black@2x.png\",\"contentUrl\":\"https:\/\/app20620.cloudwayssites.com\/wp-content\/uploads\/2020\/05\/vitalshop-logo-black@2x.png\",\"width\":495,\"height\":83,\"caption\":\"dr.reinwald vital\"},\"image\":{\"@id\":\"https:\/\/app20620.cloudwayssites.com\/en\/#\/schema\/logo\/image\/\"},\"sameAs\":[\"https:\/\/www.facebook.com\/drreinwald\",\"https:\/\/www.youtube.com\/channel\/UC4SmNM3x3WKXlaRnXFiQlWw\"]}]}<\/script>\n<!-- \/ Yoast SEO Premium plugin. -->","yoast_head_json":{"title":"Quality | Our claim | Vitalshop by dr.reinwald","description":"Discover the high-quality vitality products from dr.reinwald, which all have a great role model: Mother Nature!","robots":{"index":"index","follow":"follow","max-snippet":"max-snippet:-1","max-image-preview":"max-image-preview:large","max-video-preview":"max-video-preview:-1"},"canonical":"https:\/\/app20620.cloudwayssites.com\/en\/quality-products-drreinwald\/","og_locale":"en_US","og_type":"article","og_title":"Quality | Our claim","og_description":"Discover the high-quality vitality products from dr.reinwald, which all have a great role model: Mother Nature!","og_url":"https:\/\/app20620.cloudwayssites.com\/en\/quality-products-drreinwald\/","og_site_name":"Vitalshop by dr.reinwald","article_publisher":"https:\/\/www.facebook.com\/drreinwald","article_modified_time":"2024-11-26T17:09:27+00:00","og_image":[{"width":1200,"height":700,"url":"https:\/\/app20620.cloudwayssites.com\/wp-content\/uploads\/2022\/03\/enzyme-facebook.jpg","type":"image\/jpeg"}],"twitter_card":"summary_large_image","twitter_description":"Discover the high-quality vitality products from dr.reinwald, which all have a great role model: Mother Nature!","twitter_image":"https:\/\/app20620.cloudwayssites.com\/wp-content\/uploads\/2022\/03\/enzyme-facebook.jpg","schema":{"@context":"https:\/\/schema.org","@graph":[{"@type":"WebPage","@id":"https:\/\/app20620.cloudwayssites.com\/en\/quality-products-drreinwald\/","url":"https:\/\/app20620.cloudwayssites.com\/en\/quality-products-drreinwald\/","name":"Quality | Our claim | Vitalshop by dr.reinwald","isPartOf":{"@id":"https:\/\/app20620.cloudwayssites.com\/en\/#website"},"datePublished":"2022-08-15T11:00:54+00:00","dateModified":"2024-11-26T17:09:27+00:00","description":"Discover the high-quality vitality products from dr.reinwald, which all have a great role model: Mother Nature!","breadcrumb":{"@id":"https:\/\/app20620.cloudwayssites.com\/en\/quality-products-drreinwald\/#breadcrumb"},"inLanguage":"en-US","potentialAction":[{"@type":"ReadAction","target":["https:\/\/app20620.cloudwayssites.com\/en\/quality-products-drreinwald\/"]}]},{"@type":"BreadcrumbList","@id":"https:\/\/app20620.cloudwayssites.com\/en\/quality-products-drreinwald\/#breadcrumb","itemListElement":[{"@type":"ListItem","position":1,"name":"Startseite","item":"https:\/\/app20620.cloudwayssites.com\/en\/"},{"@type":"ListItem","position":2,"name":"Quality | Our claim"}]},{"@type":"WebSite","@id":"https:\/\/app20620.cloudwayssites.com\/en\/#website","url":"https:\/\/app20620.cloudwayssites.com\/en\/","name":"Vitalshop by dr.reinwald","description":"for balanced health","publisher":{"@id":"https:\/\/app20620.cloudwayssites.com\/en\/#organization"},"potentialAction":[{"@type":"SearchAction","target":{"@type":"EntryPoint","urlTemplate":"https:\/\/app20620.cloudwayssites.com\/en\/?s={search_term_string}"},"query-input":{"@type":"PropertyValueSpecification","valueRequired":true,"valueName":"search_term_string"}}],"inLanguage":"en-US"},{"@type":"Organization","@id":"https:\/\/app20620.cloudwayssites.com\/en\/#organization","name":"dr.reinwald vital","url":"https:\/\/app20620.cloudwayssites.com\/en\/","logo":{"@type":"ImageObject","inLanguage":"en-US","@id":"https:\/\/app20620.cloudwayssites.com\/en\/#\/schema\/logo\/image\/","url":"https:\/\/app20620.cloudwayssites.com\/wp-content\/uploads\/2020\/05\/vitalshop-logo-black@2x.png","contentUrl":"https:\/\/app20620.cloudwayssites.com\/wp-content\/uploads\/2020\/05\/vitalshop-logo-black@2x.png","width":495,"height":83,"caption":"dr.reinwald vital"},"image":{"@id":"https:\/\/app20620.cloudwayssites.com\/en\/#\/schema\/logo\/image\/"},"sameAs":["https:\/\/www.facebook.com\/drreinwald","https:\/\/www.youtube.com\/channel\/UC4SmNM3x3WKXlaRnXFiQlWw"]}]}},"_links":{"self":[{"href":"https:\/\/app20620.cloudwayssites.com\/en\/wp-json\/wp\/v2\/pages\/20975","targetHints":{"allow":["GET"]}}],"collection":[{"href":"https:\/\/app20620.cloudwayssites.com\/en\/wp-json\/wp\/v2\/pages"}],"about":[{"href":"https:\/\/app20620.cloudwayssites.com\/en\/wp-json\/wp\/v2\/types\/page"}],"author":[{"embeddable":true,"href":"https:\/\/app20620.cloudwayssites.com\/en\/wp-json\/wp\/v2\/users\/9"}],"replies":[{"embeddable":true,"href":"https:\/\/app20620.cloudwayssites.com\/en\/wp-json\/wp\/v2\/comments?post=20975"}],"version-history":[{"count":2,"href":"https:\/\/app20620.cloudwayssites.com\/en\/wp-json\/wp\/v2\/pages\/20975\/revisions"}],"predecessor-version":[{"id":36720,"href":"https:\/\/app20620.cloudwayssites.com\/en\/wp-json\/wp\/v2\/pages\/20975\/revisions\/36720"}],"wp:attachment":[{"href":"https:\/\/app20620.cloudwayssites.com\/en\/wp-json\/wp\/v2\/media?parent=20975"}],"wp:term":[{"taxonomy":"folder","embeddable":true,"href":"https:\/\/app20620.cloudwayssites.com\/en\/wp-json\/wp\/v2\/folder?post=20975"}],"curies":[{"name":"wp","href":"https:\/\/api.w.org\/{rel}","templated":true}]}}